{"id":122,"date":"2022-09-05T11:47:48","date_gmt":"2022-09-05T11:47:48","guid":{"rendered":"https:\/\/demo.shadow-themes.com\/wp\/anita\/?page_id=122"},"modified":"2026-04-15T02:36:28","modified_gmt":"2026-04-15T00:36:28","slug":"what-people-say","status":"publish","type":"page","link":"https:\/\/rufinostudio.com\/es\/what-people-say\/","title":{"rendered":"Testimonios"},"content":{"rendered":"<div data-elementor-type=\"wp-page\" data-elementor-id=\"122\" class=\"elementor elementor-122\">\n\t\t\t\t\t\t<section class=\"elementor-section elementor-top-section elementor-element elementor-element-dbfea95 animated-fast elementor-section-boxed elementor-section-height-default elementor-section-height-default elementor-invisible\" data-id=\"dbfea95\" data-element_type=\"section\" data-e-type=\"section\" data-settings=\"{&quot;animation&quot;:&quot;fadeIn&quot;}\">\n\t\t\t\t\t\t<div class=\"elementor-container elementor-column-gap-default\">\n\t\t\t\t\t<div class=\"elementor-column elementor-col-33 elementor-top-column elementor-element elementor-element-b2227b2 elementor-hidden-mobile\" data-id=\"b2227b2\" data-element_type=\"column\" data-e-type=\"column\">\n\t\t\t<div class=\"elementor-widget-wrap\">\n\t\t\t\t\t\t\t<\/div>\n\t\t<\/div>\n\t\t\t\t<div class=\"elementor-column elementor-col-66 elementor-top-column elementor-element elementor-element-d821451\" data-id=\"d821451\" data-element_type=\"column\" data-e-type=\"column\">\n\t\t\t<div class=\"elementor-widget-wrap elementor-element-populated\">\n\t\t\t\t\t\t<div class=\"elementor-element elementor-element-babc388 elementor-widget elementor-widget-text-editor\" data-id=\"babc388\" data-element_type=\"widget\" data-e-type=\"widget\" data-widget_type=\"text-editor.default\">\n\t\t\t\t\t\t\t\t\t<p>Votre satisfaction est notre plus belle r\u00e9compense. Voici quelques retours d&rsquo;exp\u00e9riences de couples, familles et professionnels qui ont partag\u00e9 un moment devant nos objectifs.<\/p>\t\t\t\t\t\t\t\t<\/div>\n\t\t\t\t\t<\/div>\n\t\t<\/div>\n\t\t\t\t\t<\/div>\n\t\t<\/section>\n\t\t\t\t<section class=\"elementor-section elementor-top-section elementor-element elementor-element-75336fa animated-fast elementor-section-boxed elementor-section-height-default elementor-section-height-default elementor-invisible\" data-id=\"75336fa\" data-element_type=\"section\" data-e-type=\"section\" data-settings=\"{&quot;animation&quot;:&quot;fadeIn&quot;}\">\n\t\t\t\t\t\t<div class=\"elementor-container elementor-column-gap-default\">\n\t\t\t\t\t<div class=\"elementor-column elementor-col-100 elementor-top-column elementor-element elementor-element-d6c92c9\" data-id=\"d6c92c9\" data-element_type=\"column\" data-e-type=\"column\">\n\t\t\t<div class=\"elementor-widget-wrap elementor-element-populated\">\n\t\t\t\t\t\t<div class=\"elementor-element elementor-element-1b4a534 shadowcore-op-above--no shadowcore-testimonials-layout--horizontal shadowcore-swap-head--no shadowcore-swap-cotent--no shadowcore-rating--column elementor-widget elementor-widget-shadow-testimonials-grid\" data-id=\"1b4a534\" data-element_type=\"widget\" data-e-type=\"widget\" data-widget_type=\"shadow-testimonials-grid.default\">\n\t\t\t\t<div class=\"elementor-widget-container\">\n\t\t\t\t\t\t\t<div class=\"shadowcore-testimonials-grid shadowcore-is-masonry\" data-id=\"1b4a534\">\n\t\t\t\t\t<div class=\"shadowcore-testimonials-item\">\n\t\t\t\t<div class=\"shadowcore-testimonials-item__author\">\n\t\t\t\t\t<div class=\"shadowcore-testimonials-item__author--image\">\n\t\t\t\t\t\t<div class=\"shadowcore-gallery-image shadowcore-div-image\" data-src=\"https:\/\/rufinostudio.com\/wp-content\/uploads\/2026\/02\/DSC01403-768x512.jpg\">\n\t\t\t\t\t\t\t<img \n\t\t\t\t\t\t\tsrc=\"data:image\/svg+xml,%3Csvg%20xmlns='http:\/\/www.w3.org\/2000\/svg'%20viewBox='0%200%20512%20512'%3E%3C\/svg%3E\"\n\t\t\t\t\t\t\talt=\"\">\n\t\t\t\t\t\t<\/div>\n\t\t\t\t\t<\/div>\n\t\t\t\t\t<div class=\"shadowcore-testimonials-item__author--name\">\n\t\t\t\t\t\t<span><\/span>\n\t\t\t\t\t\tRaquel\t\t\t\t\t\t<span><\/span>\n\t\t\t\t\t<\/div>\n\t\t\t\t<\/div><!-- .shadowcore-testimonials-item__author -->\n\t\t\t\t<div class=\"shadowcore-testimonials-item__content\">\n\t\t\t\t\t\t\t\t\t\t<div class=\"shadowcore-testimonials-item__stars\">\n\t\t\t\t\t\t\n\t\t\t\t\t\t\t<svg xmlns=\"http:\/\/www.w3.org\/2000\/svg\" width=\"14.313\" height=\"13.625\" viewbox=\"0 0 14.313 13.625\">\n\t\t\t\t\t\t\t\t<path d=\"M-.844-7.719-4.625-4.312l1.063,5L-8-1.844-12.437.688l1.063-5-3.781-3.406,5.063-.531L-8-12.937-5.906-8.25Z\" transform=\"translate(15.156 12.938)\" fill=\"#404040\"\/>\n\t\t\t\t\t\t\t<\/svg>\n\n\t\t\t\t\t\t\t\n\t\t\t\t\t\t\t<svg xmlns=\"http:\/\/www.w3.org\/2000\/svg\" width=\"14.313\" height=\"13.625\" viewbox=\"0 0 14.313 13.625\">\n\t\t\t\t\t\t\t\t<path d=\"M-.844-7.719-4.625-4.312l1.063,5L-8-1.844-12.437.688l1.063-5-3.781-3.406,5.063-.531L-8-12.937-5.906-8.25Z\" transform=\"translate(15.156 12.938)\" fill=\"#404040\"\/>\n\t\t\t\t\t\t\t<\/svg>\n\n\t\t\t\t\t\t\t\n\t\t\t\t\t\t\t<svg xmlns=\"http:\/\/www.w3.org\/2000\/svg\" width=\"14.313\" height=\"13.625\" viewbox=\"0 0 14.313 13.625\">\n\t\t\t\t\t\t\t\t<path d=\"M-.844-7.719-4.625-4.312l1.063,5L-8-1.844-12.437.688l1.063-5-3.781-3.406,5.063-.531L-8-12.937-5.906-8.25Z\" transform=\"translate(15.156 12.938)\" fill=\"#404040\"\/>\n\t\t\t\t\t\t\t<\/svg>\n\n\t\t\t\t\t\t\t\n\t\t\t\t\t\t\t<svg xmlns=\"http:\/\/www.w3.org\/2000\/svg\" width=\"14.313\" height=\"13.625\" viewbox=\"0 0 14.313 13.625\">\n\t\t\t\t\t\t\t\t<path d=\"M-.844-7.719-4.625-4.312l1.063,5L-8-1.844-12.437.688l1.063-5-3.781-3.406,5.063-.531L-8-12.937-5.906-8.25Z\" transform=\"translate(15.156 12.938)\" fill=\"#404040\"\/>\n\t\t\t\t\t\t\t<\/svg>\n\n\t\t\t\t\t\t\t\n\t\t\t\t\t\t\t<svg xmlns=\"http:\/\/www.w3.org\/2000\/svg\" width=\"14.313\" height=\"13.625\" viewbox=\"0 0 14.313 13.625\">\n\t\t\t\t\t\t\t\t<path d=\"M-.844-7.719-4.625-4.312l1.063,5L-8-1.844-12.437.688l1.063-5-3.781-3.406,5.063-.531L-8-12.937-5.906-8.25Z\" transform=\"translate(15.156 12.938)\" fill=\"#404040\"\/>\n\t\t\t\t\t\t\t<\/svg>\n\n\t\t\t\t\t\t\t\t\t\t\t\t<\/div>\n\t\t\t\t\t\t\t\t\t\t<div class=\"shadowcore-testimonials-item__content-inner\">\n\t\t\t\t\t\tJ\u2019ai r\u00e9alis\u00e9 une s\u00e9ance photo avec Jennifer de Rufino Studio et mon exp\u00e9rience a \u00e9t\u00e9 extr\u00eamement positive!\nElle a su me mettre \u00e0 l\u2019aise d\u00e8s les premi\u00e8res minutes, avec beaucoup de douceur et de professionnalisme. Elle prend vraiment le temps d\u2019accompagner, de guider les poses et de cr\u00e9er une atmosph\u00e8re d\u00e9tendue. Le r\u00e9sultat est \u00e0 la hauteur : des photos naturelles, \u00e9l\u00e9gantes et fid\u00e8les \u00e0 ce que je souhaitais.\n\nJe recommande vivement Rufino Studio!!!\t\t\t\t\t<\/div><!-- .shadowcore-testimonials-item__content-inner -->\n\t\t\t\t<\/div><!-- .shadowcore-testimonials-item__content -->\n\t\t\t<\/div><!-- .shadowcore-testimonials-item -->\n\t\t\t\t\t\t<div class=\"shadowcore-testimonials-item\">\n\t\t\t\t<div class=\"shadowcore-testimonials-item__author\">\n\t\t\t\t\t<div class=\"shadowcore-testimonials-item__author--image\">\n\t\t\t\t\t\t<div class=\"shadowcore-gallery-image shadowcore-div-image\" data-src=\"https:\/\/rufinostudio.com\/wp-content\/uploads\/2026\/02\/DSC08485-768x1152.jpg\">\n\t\t\t\t\t\t\t<img \n\t\t\t\t\t\t\tsrc=\"data:image\/svg+xml,%3Csvg%20xmlns='http:\/\/www.w3.org\/2000\/svg'%20viewBox='0%200%20512%20512'%3E%3C\/svg%3E\"\n\t\t\t\t\t\t\talt=\"\">\n\t\t\t\t\t\t<\/div>\n\t\t\t\t\t<\/div>\n\t\t\t\t\t<div class=\"shadowcore-testimonials-item__author--name\">\n\t\t\t\t\t\t<span>Violiniste Almacord <\/span>\n\t\t\t\t\t\tD\u00e9bora\t\t\t\t\t\t<span>Violiniste Almacord <\/span>\n\t\t\t\t\t<\/div>\n\t\t\t\t<\/div><!-- .shadowcore-testimonials-item__author -->\n\t\t\t\t<div class=\"shadowcore-testimonials-item__content\">\n\t\t\t\t\t\t\t\t\t\t<div class=\"shadowcore-testimonials-item__stars\">\n\t\t\t\t\t\t\n\t\t\t\t\t\t\t<svg xmlns=\"http:\/\/www.w3.org\/2000\/svg\" width=\"14.313\" height=\"13.625\" viewbox=\"0 0 14.313 13.625\">\n\t\t\t\t\t\t\t\t<path d=\"M-.844-7.719-4.625-4.312l1.063,5L-8-1.844-12.437.688l1.063-5-3.781-3.406,5.063-.531L-8-12.937-5.906-8.25Z\" transform=\"translate(15.156 12.938)\" fill=\"#404040\"\/>\n\t\t\t\t\t\t\t<\/svg>\n\n\t\t\t\t\t\t\t\n\t\t\t\t\t\t\t<svg xmlns=\"http:\/\/www.w3.org\/2000\/svg\" width=\"14.313\" height=\"13.625\" viewbox=\"0 0 14.313 13.625\">\n\t\t\t\t\t\t\t\t<path d=\"M-.844-7.719-4.625-4.312l1.063,5L-8-1.844-12.437.688l1.063-5-3.781-3.406,5.063-.531L-8-12.937-5.906-8.25Z\" transform=\"translate(15.156 12.938)\" fill=\"#404040\"\/>\n\t\t\t\t\t\t\t<\/svg>\n\n\t\t\t\t\t\t\t\n\t\t\t\t\t\t\t<svg xmlns=\"http:\/\/www.w3.org\/2000\/svg\" width=\"14.313\" height=\"13.625\" viewbox=\"0 0 14.313 13.625\">\n\t\t\t\t\t\t\t\t<path d=\"M-.844-7.719-4.625-4.312l1.063,5L-8-1.844-12.437.688l1.063-5-3.781-3.406,5.063-.531L-8-12.937-5.906-8.25Z\" transform=\"translate(15.156 12.938)\" fill=\"#404040\"\/>\n\t\t\t\t\t\t\t<\/svg>\n\n\t\t\t\t\t\t\t\n\t\t\t\t\t\t\t<svg xmlns=\"http:\/\/www.w3.org\/2000\/svg\" width=\"14.313\" height=\"13.625\" viewbox=\"0 0 14.313 13.625\">\n\t\t\t\t\t\t\t\t<path d=\"M-.844-7.719-4.625-4.312l1.063,5L-8-1.844-12.437.688l1.063-5-3.781-3.406,5.063-.531L-8-12.937-5.906-8.25Z\" transform=\"translate(15.156 12.938)\" fill=\"#404040\"\/>\n\t\t\t\t\t\t\t<\/svg>\n\n\t\t\t\t\t\t\t\n\t\t\t\t\t\t\t<svg xmlns=\"http:\/\/www.w3.org\/2000\/svg\" width=\"14.313\" height=\"13.625\" viewbox=\"0 0 14.313 13.625\">\n\t\t\t\t\t\t\t\t<path d=\"M-.844-7.719-4.625-4.312l1.063,5L-8-1.844-12.437.688l1.063-5-3.781-3.406,5.063-.531L-8-12.937-5.906-8.25Z\" transform=\"translate(15.156 12.938)\" fill=\"#404040\"\/>\n\t\t\t\t\t\t\t<\/svg>\n\n\t\t\t\t\t\t\t\t\t\t\t\t<\/div>\n\t\t\t\t\t\t\t\t\t\t<div class=\"shadowcore-testimonials-item__content-inner\">\n\t\t\t\t\t\tApr\u00e8s plusieurs shootings avec Rufino Studio, je recommande vivement leurs services. Couple passionn\u00e9 par leur m\u00e9tier, \u00e0 l\u2019\u00e9coute, bienveillant et professionnel. En plus de passer un tr\u00e8s bon moment, le r\u00e9sultat est de qualit\u00e9 !!! \nMerci encore \ud83d\udcf8\n\t\t\t\t\t<\/div><!-- .shadowcore-testimonials-item__content-inner -->\n\t\t\t\t<\/div><!-- .shadowcore-testimonials-item__content -->\n\t\t\t<\/div><!-- .shadowcore-testimonials-item -->\n\t\t\t\t\t\t<div class=\"shadowcore-testimonials-item\">\n\t\t\t\t<div class=\"shadowcore-testimonials-item__author\">\n\t\t\t\t\t<div class=\"shadowcore-testimonials-item__author--image\">\n\t\t\t\t\t\t<div class=\"shadowcore-gallery-image shadowcore-div-image\" data-src=\"https:\/\/rufinostudio.com\/wp-content\/uploads\/2026\/02\/DSC06205-768x512.jpg\">\n\t\t\t\t\t\t\t<img \n\t\t\t\t\t\t\tsrc=\"data:image\/svg+xml,%3Csvg%20xmlns='http:\/\/www.w3.org\/2000\/svg'%20viewBox='0%200%20512%20512'%3E%3C\/svg%3E\"\n\t\t\t\t\t\t\talt=\"\">\n\t\t\t\t\t\t<\/div>\n\t\t\t\t\t<\/div>\n\t\t\t\t\t<div class=\"shadowcore-testimonials-item__author--name\">\n\t\t\t\t\t\t<span><\/span>\n\t\t\t\t\t\tRaph\u00e4el\t\t\t\t\t\t<span><\/span>\n\t\t\t\t\t<\/div>\n\t\t\t\t<\/div><!-- .shadowcore-testimonials-item__author -->\n\t\t\t\t<div class=\"shadowcore-testimonials-item__content\">\n\t\t\t\t\t\t\t\t\t\t<div class=\"shadowcore-testimonials-item__stars\">\n\t\t\t\t\t\t\n\t\t\t\t\t\t\t<svg xmlns=\"http:\/\/www.w3.org\/2000\/svg\" width=\"14.313\" height=\"13.625\" viewbox=\"0 0 14.313 13.625\">\n\t\t\t\t\t\t\t\t<path d=\"M-.844-7.719-4.625-4.312l1.063,5L-8-1.844-12.437.688l1.063-5-3.781-3.406,5.063-.531L-8-12.937-5.906-8.25Z\" transform=\"translate(15.156 12.938)\" fill=\"#404040\"\/>\n\t\t\t\t\t\t\t<\/svg>\n\n\t\t\t\t\t\t\t\n\t\t\t\t\t\t\t<svg xmlns=\"http:\/\/www.w3.org\/2000\/svg\" width=\"14.313\" height=\"13.625\" viewbox=\"0 0 14.313 13.625\">\n\t\t\t\t\t\t\t\t<path d=\"M-.844-7.719-4.625-4.312l1.063,5L-8-1.844-12.437.688l1.063-5-3.781-3.406,5.063-.531L-8-12.937-5.906-8.25Z\" transform=\"translate(15.156 12.938)\" fill=\"#404040\"\/>\n\t\t\t\t\t\t\t<\/svg>\n\n\t\t\t\t\t\t\t\n\t\t\t\t\t\t\t<svg xmlns=\"http:\/\/www.w3.org\/2000\/svg\" width=\"14.313\" height=\"13.625\" viewbox=\"0 0 14.313 13.625\">\n\t\t\t\t\t\t\t\t<path d=\"M-.844-7.719-4.625-4.312l1.063,5L-8-1.844-12.437.688l1.063-5-3.781-3.406,5.063-.531L-8-12.937-5.906-8.25Z\" transform=\"translate(15.156 12.938)\" fill=\"#404040\"\/>\n\t\t\t\t\t\t\t<\/svg>\n\n\t\t\t\t\t\t\t\n\t\t\t\t\t\t\t<svg xmlns=\"http:\/\/www.w3.org\/2000\/svg\" width=\"14.313\" height=\"13.625\" viewbox=\"0 0 14.313 13.625\">\n\t\t\t\t\t\t\t\t<path d=\"M-.844-7.719-4.625-4.312l1.063,5L-8-1.844-12.437.688l1.063-5-3.781-3.406,5.063-.531L-8-12.937-5.906-8.25Z\" transform=\"translate(15.156 12.938)\" fill=\"#404040\"\/>\n\t\t\t\t\t\t\t<\/svg>\n\n\t\t\t\t\t\t\t\n\t\t\t\t\t\t\t<svg xmlns=\"http:\/\/www.w3.org\/2000\/svg\" width=\"14.313\" height=\"13.625\" viewbox=\"0 0 14.313 13.625\">\n\t\t\t\t\t\t\t\t<path d=\"M-.844-7.719-4.625-4.312l1.063,5L-8-1.844-12.437.688l1.063-5-3.781-3.406,5.063-.531L-8-12.937-5.906-8.25Z\" transform=\"translate(15.156 12.938)\" fill=\"#404040\"\/>\n\t\t\t\t\t\t\t<\/svg>\n\n\t\t\t\t\t\t\t\t\t\t\t\t<\/div>\n\t\t\t\t\t\t\t\t\t\t<div class=\"shadowcore-testimonials-item__content-inner\">\n\t\t\t\t\t\tUn immense professionnalisme et une qualit\u00e9 exceptionnelle. Ce couple de photographes sait imm\u00e9diatement mettre \u00e0 l\u2019aise et capturer l\u2019\u00e9motion avec un regard artistique remarquable. Le r\u00e9sultat d\u00e9passe toujours mes attentes : des photos lumineuses, authentiques et un service haut de gamme. Je les recommande sans la moindre h\u00e9sitation.\t\t\t\t\t<\/div><!-- .shadowcore-testimonials-item__content-inner -->\n\t\t\t\t<\/div><!-- .shadowcore-testimonials-item__content -->\n\t\t\t<\/div><!-- .shadowcore-testimonials-item -->\n\t\t\t\t\t\t<div class=\"shadowcore-testimonials-item\">\n\t\t\t\t<div class=\"shadowcore-testimonials-item__author\">\n\t\t\t\t\t<div class=\"shadowcore-testimonials-item__author--image\">\n\t\t\t\t\t\t<div class=\"shadowcore-gallery-image shadowcore-div-image\" data-src=\"https:\/\/rufinostudio.com\/wp-content\/uploads\/2026\/02\/DSC07789-768x512.jpg\">\n\t\t\t\t\t\t\t<img \n\t\t\t\t\t\t\tsrc=\"data:image\/svg+xml,%3Csvg%20xmlns='http:\/\/www.w3.org\/2000\/svg'%20viewBox='0%200%20512%20512'%3E%3C\/svg%3E\"\n\t\t\t\t\t\t\talt=\"\">\n\t\t\t\t\t\t<\/div>\n\t\t\t\t\t<\/div>\n\t\t\t\t\t<div class=\"shadowcore-testimonials-item__author--name\">\n\t\t\t\t\t\t<span><\/span>\n\t\t\t\t\t\tMar\u00eda\t\t\t\t\t\t<span><\/span>\n\t\t\t\t\t<\/div>\n\t\t\t\t<\/div><!-- .shadowcore-testimonials-item__author -->\n\t\t\t\t<div class=\"shadowcore-testimonials-item__content\">\n\t\t\t\t\t\t\t\t\t\t<div class=\"shadowcore-testimonials-item__stars\">\n\t\t\t\t\t\t\n\t\t\t\t\t\t\t<svg xmlns=\"http:\/\/www.w3.org\/2000\/svg\" width=\"14.313\" height=\"13.625\" viewbox=\"0 0 14.313 13.625\">\n\t\t\t\t\t\t\t\t<path d=\"M-.844-7.719-4.625-4.312l1.063,5L-8-1.844-12.437.688l1.063-5-3.781-3.406,5.063-.531L-8-12.937-5.906-8.25Z\" transform=\"translate(15.156 12.938)\" fill=\"#404040\"\/>\n\t\t\t\t\t\t\t<\/svg>\n\n\t\t\t\t\t\t\t\n\t\t\t\t\t\t\t<svg xmlns=\"http:\/\/www.w3.org\/2000\/svg\" width=\"14.313\" height=\"13.625\" viewbox=\"0 0 14.313 13.625\">\n\t\t\t\t\t\t\t\t<path d=\"M-.844-7.719-4.625-4.312l1.063,5L-8-1.844-12.437.688l1.063-5-3.781-3.406,5.063-.531L-8-12.937-5.906-8.25Z\" transform=\"translate(15.156 12.938)\" fill=\"#404040\"\/>\n\t\t\t\t\t\t\t<\/svg>\n\n\t\t\t\t\t\t\t\n\t\t\t\t\t\t\t<svg xmlns=\"http:\/\/www.w3.org\/2000\/svg\" width=\"14.313\" height=\"13.625\" viewbox=\"0 0 14.313 13.625\">\n\t\t\t\t\t\t\t\t<path d=\"M-.844-7.719-4.625-4.312l1.063,5L-8-1.844-12.437.688l1.063-5-3.781-3.406,5.063-.531L-8-12.937-5.906-8.25Z\" transform=\"translate(15.156 12.938)\" fill=\"#404040\"\/>\n\t\t\t\t\t\t\t<\/svg>\n\n\t\t\t\t\t\t\t\n\t\t\t\t\t\t\t<svg xmlns=\"http:\/\/www.w3.org\/2000\/svg\" width=\"14.313\" height=\"13.625\" viewbox=\"0 0 14.313 13.625\">\n\t\t\t\t\t\t\t\t<path d=\"M-.844-7.719-4.625-4.312l1.063,5L-8-1.844-12.437.688l1.063-5-3.781-3.406,5.063-.531L-8-12.937-5.906-8.25Z\" transform=\"translate(15.156 12.938)\" fill=\"#404040\"\/>\n\t\t\t\t\t\t\t<\/svg>\n\n\t\t\t\t\t\t\t\n\t\t\t\t\t\t\t<svg xmlns=\"http:\/\/www.w3.org\/2000\/svg\" width=\"14.313\" height=\"13.625\" viewbox=\"0 0 14.313 13.625\">\n\t\t\t\t\t\t\t\t<path d=\"M-.844-7.719-4.625-4.312l1.063,5L-8-1.844-12.437.688l1.063-5-3.781-3.406,5.063-.531L-8-12.937-5.906-8.25Z\" transform=\"translate(15.156 12.938)\" fill=\"#404040\"\/>\n\t\t\t\t\t\t\t<\/svg>\n\n\t\t\t\t\t\t\t\t\t\t\t\t<\/div>\n\t\t\t\t\t\t\t\t\t\t<div class=\"shadowcore-testimonials-item__content-inner\">\n\t\t\t\t\t\tMon exp\u00e9rience avec Rufino Studio a \u00e9t\u00e9 tr\u00e8s bonne. Ils ont su capter la spontan\u00e9it\u00e9 du moment, aussi bien dans les photos que dans la vid\u00e9o. Nous avons fait plusieurs appels t\u00e9l\u00e9phoniques et nous nous sommes envoy\u00e9 plusieurs messages pour qu&#039;ils comprennent clairement ce que nous recherchions. Ils ont r\u00e9ussi \u00e0 nous faire revivre notre mariage comme si c&#039;\u00e9tait hier. Merci beaucoup \u2764\ufe0f\ud83d\udc8d\t\t\t\t\t<\/div><!-- .shadowcore-testimonials-item__content-inner -->\n\t\t\t\t<\/div><!-- .shadowcore-testimonials-item__content -->\n\t\t\t<\/div><!-- .shadowcore-testimonials-item -->\n\t\t\t\t\t\t<div class=\"shadowcore-testimonials-item\">\n\t\t\t\t<div class=\"shadowcore-testimonials-item__author\">\n\t\t\t\t\t<div class=\"shadowcore-testimonials-item__author--image\">\n\t\t\t\t\t\t<div class=\"shadowcore-gallery-image shadowcore-div-image\" data-src=\"https:\/\/rufinostudio.com\/wp-content\/uploads\/2026\/02\/DSC07788-768x1152.jpg\">\n\t\t\t\t\t\t\t<img \n\t\t\t\t\t\t\tsrc=\"data:image\/svg+xml,%3Csvg%20xmlns='http:\/\/www.w3.org\/2000\/svg'%20viewBox='0%200%20512%20512'%3E%3C\/svg%3E\"\n\t\t\t\t\t\t\talt=\"\">\n\t\t\t\t\t\t<\/div>\n\t\t\t\t\t<\/div>\n\t\t\t\t\t<div class=\"shadowcore-testimonials-item__author--name\">\n\t\t\t\t\t\t<span><\/span>\n\t\t\t\t\t\tMiguel\t\t\t\t\t\t<span><\/span>\n\t\t\t\t\t<\/div>\n\t\t\t\t<\/div><!-- .shadowcore-testimonials-item__author -->\n\t\t\t\t<div class=\"shadowcore-testimonials-item__content\">\n\t\t\t\t\t\t\t\t\t\t<div class=\"shadowcore-testimonials-item__stars\">\n\t\t\t\t\t\t\n\t\t\t\t\t\t\t<svg xmlns=\"http:\/\/www.w3.org\/2000\/svg\" width=\"14.313\" height=\"13.625\" viewbox=\"0 0 14.313 13.625\">\n\t\t\t\t\t\t\t\t<path d=\"M-.844-7.719-4.625-4.312l1.063,5L-8-1.844-12.437.688l1.063-5-3.781-3.406,5.063-.531L-8-12.937-5.906-8.25Z\" transform=\"translate(15.156 12.938)\" fill=\"#404040\"\/>\n\t\t\t\t\t\t\t<\/svg>\n\n\t\t\t\t\t\t\t\n\t\t\t\t\t\t\t<svg xmlns=\"http:\/\/www.w3.org\/2000\/svg\" width=\"14.313\" height=\"13.625\" viewbox=\"0 0 14.313 13.625\">\n\t\t\t\t\t\t\t\t<path d=\"M-.844-7.719-4.625-4.312l1.063,5L-8-1.844-12.437.688l1.063-5-3.781-3.406,5.063-.531L-8-12.937-5.906-8.25Z\" transform=\"translate(15.156 12.938)\" fill=\"#404040\"\/>\n\t\t\t\t\t\t\t<\/svg>\n\n\t\t\t\t\t\t\t\n\t\t\t\t\t\t\t<svg xmlns=\"http:\/\/www.w3.org\/2000\/svg\" width=\"14.313\" height=\"13.625\" viewbox=\"0 0 14.313 13.625\">\n\t\t\t\t\t\t\t\t<path d=\"M-.844-7.719-4.625-4.312l1.063,5L-8-1.844-12.437.688l1.063-5-3.781-3.406,5.063-.531L-8-12.937-5.906-8.25Z\" transform=\"translate(15.156 12.938)\" fill=\"#404040\"\/>\n\t\t\t\t\t\t\t<\/svg>\n\n\t\t\t\t\t\t\t\n\t\t\t\t\t\t\t<svg xmlns=\"http:\/\/www.w3.org\/2000\/svg\" width=\"14.313\" height=\"13.625\" viewbox=\"0 0 14.313 13.625\">\n\t\t\t\t\t\t\t\t<path d=\"M-.844-7.719-4.625-4.312l1.063,5L-8-1.844-12.437.688l1.063-5-3.781-3.406,5.063-.531L-8-12.937-5.906-8.25Z\" transform=\"translate(15.156 12.938)\" fill=\"#404040\"\/>\n\t\t\t\t\t\t\t<\/svg>\n\n\t\t\t\t\t\t\t\n\t\t\t\t\t\t\t\t\t<svg xmlns=\"http:\/\/www.w3.org\/2000\/svg\" width=\"14.375\" height=\"13.625\" viewbox=\"0 0 14.375 13.625\">\n\t\t\t\t\t\t\t\t\t\t<path d=\"M-8-12.937l.438,1.031L-5.937-8.25l4,.406,1.125.125-.875.75L-4.625-4.312l.813,3.938.25,1.063-1-.562L-8-1.875l-3.437,2-1,.563.25-1.062.813-3.937-2.937-2.656-.875-.75,1.125-.125,4-.406,1.625-3.656ZM-8-10.5-9.281-7.594l-.125.281h-.281l-3.125.344L-10.5-4.875l.25.219-.062.281L-11-1.312l2.75-1.562L-8-3l.25.125L-5-1.312l-.687-3.062-.062-.281.25-.219,2.313-2.094-3.125-.344h-.281l-.125-.281Z\" transform=\"translate(15.188 12.938)\" fill=\"#404040\"\/>\n\t\t\t\t\t\t\t\t\t<\/svg>\n\t\t\t\t\t\t\t\t\t\t\t\t\t\t<\/div>\n\t\t\t\t\t\t\t\t\t\t<div class=\"shadowcore-testimonials-item__content-inner\">\n\t\t\t\t\t\tUn traitement tr\u00e8s personnel, dans lequel vous vous sentez tr\u00e8s \u00e0 l&#039;aise pour dire ce que vous voulez, et vivre le mariage \u00e0 votre mani\u00e8re. La vid\u00e9o est tr\u00e8s bonne, ils savent capter l&#039;importance de chaque moment, ce que j&#039;appr\u00e9cie beaucoup, car le mariage n&#039;est pas seulement une f\u00eate selon moi. C&#039;est une d\u00e9cision pour la vie, et la vid\u00e9o l&#039;exprime tr\u00e8s bien. Ils ont r\u00e9ussi \u00e0 monter quelque chose qui avait mal tourn\u00e9 au mariage, de sorte que la vid\u00e9o est tr\u00e8s bien. Les photos sont tr\u00e8s bonnes, toutes les photos \u00e9dit\u00e9es personnellement, leur donnant une touche sp\u00e9ciale. Merci beaucoup, vous \u00eates tr\u00e8s bons.\t\t\t\t\t<\/div><!-- .shadowcore-testimonials-item__content-inner -->\n\t\t\t\t<\/div><!-- .shadowcore-testimonials-item__content -->\n\t\t\t<\/div><!-- .shadowcore-testimonials-item -->\n\t\t\t\t\t<\/div><!-- .shadowcore-testimonials-grid -->\n\t\t\t\t\t\t<\/div>\n\t\t\t\t<\/div>\n\t\t\t\t\t<\/div>\n\t\t<\/div>\n\t\t\t\t\t<\/div>\n\t\t<\/section>\n\t\t\t\t<section class=\"elementor-section elementor-top-section elementor-element elementor-element-62754e85 animated-fast elementor-section-boxed elementor-section-height-default elementor-section-height-default elementor-invisible\" data-id=\"62754e85\" data-element_type=\"section\" data-e-type=\"section\" data-settings=\"{&quot;animation&quot;:&quot;fadeInUp&quot;}\">\n\t\t\t\t\t\t<div class=\"elementor-container elementor-column-gap-default\">\n\t\t\t\t\t<div class=\"elementor-column elementor-col-100 elementor-top-column elementor-element elementor-element-3c4d984\" data-id=\"3c4d984\" data-element_type=\"column\" data-e-type=\"column\">\n\t\t\t<div class=\"elementor-widget-wrap elementor-element-populated\">\n\t\t\t\t\t\t<div class=\"elementor-element elementor-element-1593b8d7 elementor-widget elementor-widget-heading\" data-id=\"1593b8d7\" data-element_type=\"widget\" data-e-type=\"widget\" data-widget_type=\"heading.default\">\n\t\t\t\t\t<h2 class=\"elementor-heading-title elementor-size-default\">CR\u00c9ONS DES SOUVENIRS ENSEMBLE !<\/h2>\t\t\t\t<\/div>\n\t\t\t\t<div class=\"elementor-element elementor-element-111cf35e anita-cta-link elementor-widget elementor-widget-heading\" data-id=\"111cf35e\" data-element_type=\"widget\" data-e-type=\"widget\" data-widget_type=\"heading.default\">\n\t\t\t\t\t<div class=\"elementor-heading-title elementor-size-default\"><a href=\"https:\/\/rufinostudio.com\/es\/parlons-de-vous\/\">CONTACTEZ-NOUS<\/a><\/div>\t\t\t\t<\/div>\n\t\t\t\t\t<\/div>\n\t\t<\/div>\n\t\t\t\t\t<\/div>\n\t\t<\/section>\n\t\t\t\t<\/div>","protected":false},"excerpt":{"rendered":"<p>Votre satisfaction est notre plus belle r\u00e9compense. Voici quelques retours d&rsquo;exp\u00e9riences de couples, familles et professionnels qui ont partag\u00e9 un moment devant nos objectifs. Raquel J\u2019ai r\u00e9alis\u00e9 une s\u00e9ance photo avec Jennifer de Rufino Studio et mon exp\u00e9rience a \u00e9t\u00e9 extr\u00eamement positive! Elle a su me mettre \u00e0 l\u2019aise d\u00e8s les premi\u00e8res minutes, avec beaucoup&#8230;<\/p>","protected":false},"author":1,"featured_media":2193,"parent":0,"menu_order":0,"comment_status":"closed","ping_status":"closed","template":"","meta":{"footnotes":""},"class_list":["post-122","page","type-page","status-publish","has-post-thumbnail","hentry"],"aioseo_notices":[],"_hostinger_reach_plugin_has_subscription_block":false,"_hostinger_reach_plugin_is_elementor":false,"_links":{"self":[{"href":"https:\/\/rufinostudio.com\/es\/wp-json\/wp\/v2\/pages\/122","targetHints":{"allow":["GET"]}}],"collection":[{"href":"https:\/\/rufinostudio.com\/es\/wp-json\/wp\/v2\/pages"}],"about":[{"href":"https:\/\/rufinostudio.com\/es\/wp-json\/wp\/v2\/types\/page"}],"author":[{"embeddable":true,"href":"https:\/\/rufinostudio.com\/es\/wp-json\/wp\/v2\/users\/1"}],"replies":[{"embeddable":true,"href":"https:\/\/rufinostudio.com\/es\/wp-json\/wp\/v2\/comments?post=122"}],"version-history":[{"count":17,"href":"https:\/\/rufinostudio.com\/es\/wp-json\/wp\/v2\/pages\/122\/revisions"}],"predecessor-version":[{"id":2564,"href":"https:\/\/rufinostudio.com\/es\/wp-json\/wp\/v2\/pages\/122\/revisions\/2564"}],"wp:featuredmedia":[{"embeddable":true,"href":"https:\/\/rufinostudio.com\/es\/wp-json\/wp\/v2\/media\/2193"}],"wp:attachment":[{"href":"https:\/\/rufinostudio.com\/es\/wp-json\/wp\/v2\/media?parent=122"}],"curies":[{"name":"wp","href":"https:\/\/api.w.org\/{rel}","templated":true}]}}