{"id":124,"date":"2022-09-05T11:48:07","date_gmt":"2022-09-05T11:48:07","guid":{"rendered":"https:\/\/demo.shadow-themes.com\/wp\/anita\/?page_id=124"},"modified":"2026-04-15T02:36:28","modified_gmt":"2026-04-15T00:36:28","slug":"parlons-de-vous","status":"publish","type":"page","link":"https:\/\/rufinostudio.com\/es\/parlons-de-vous\/","title":{"rendered":"Hablemos de ti"},"content":{"rendered":"<div data-elementor-type=\"wp-page\" data-elementor-id=\"124\" class=\"elementor elementor-124\">\n\t\t\t\t\t\t<section class=\"elementor-section elementor-top-section elementor-element elementor-element-0075d75 elementor-section-boxed elementor-section-height-default elementor-section-height-default\" data-id=\"0075d75\" data-element_type=\"section\" data-e-type=\"section\">\n\t\t\t\t\t\t<div class=\"elementor-container elementor-column-gap-no\">\n\t\t\t\t\t<div class=\"elementor-column elementor-col-33 elementor-top-column elementor-element elementor-element-f286c7f\" data-id=\"f286c7f\" data-element_type=\"column\" data-e-type=\"column\">\n\t\t\t<div class=\"elementor-widget-wrap elementor-element-populated\">\n\t\t\t\t\t\t<div class=\"elementor-element elementor-element-1579543 elementor-widget elementor-widget-wp-widget-shadow_contacts_widget\" data-id=\"1579543\" data-element_type=\"widget\" data-e-type=\"widget\" data-widget_type=\"wp-widget-shadow_contacts_widget.default\">\n\t\t\t\t<div class=\"elementor-widget-container\">\n\t\t\t\t\t<div class=\"anita-widget--contacts\">\r\n\t<div class=\"anita-widget--contacts__descr\">Tenemos ganas de conocer tu historia. Ya sea para un caf\u00e9 en Toulouse o para hablar de un proyecto al otro lado de Occitanie, te escuchamos. Cu\u00e9ntanos qu\u00e9 te hace vibrar y nosotros nos encargamos del resto.<\/div>\r\n\t<ul class=\"anita-contact-details__list has-labels\">\r\n\t<li>\r\n\t\t\t<i class=\"dashicons dashicons-location-alt\"><\/i>\r\n\t\t\tToulouse y Occitanie (\u00a1nos desplazamos a todas partes!)\r\n\t\t<\/li><li>\r\n\t\t\t\t<i class=\"dashicons dashicons-email\"><\/i>\r\n\t\t\t\t<a href=\"mailto:contact@rufinostudio.com\">contact@rufinostudio.com<\/a>\r\n\t\t\t<\/li><li>\r\n\t\t\t\t<i class=\"dashicons dashicons-phone\"><\/i>\r\n\t\t\t\t<a href=\"tel:+33618531855\">+33 6 18 53 18 55<\/a>\r\n\t\t\t<\/li><li class=\"anita-contact-socials\">\r\n\t\t\t\t<i class=\"dashicons dashicons-share\"><\/i><ul class=\"anita-socials anita-socials--icons\"><li><a href=\"https:\/\/www.instagram.com\/rufino.studio\/\" class=\"anita-socials--instagram\" target=\"_blank\"><svg xmlns=\"http:\/\/www.w3.org\/2000\/svg\" width=\"64\" height=\"64\" viewbox=\"0 0 64 64\"><path d=\"M22.938-46a12.511,12.511,0,0,0-6.469,1.75,13.134,13.134,0,0,0-4.719,4.719A12.511,12.511,0,0,0,10-33.062v18.125a12.511,12.511,0,0,0,1.75,6.469A13.134,13.134,0,0,0,16.469-3.75,12.511,12.511,0,0,0,22.938-2H41.063a12.511,12.511,0,0,0,6.469-1.75A13.134,13.134,0,0,0,52.25-8.469,12.511,12.511,0,0,0,54-14.937V-33.062a12.511,12.511,0,0,0-1.75-6.469,13.134,13.134,0,0,0-4.719-4.719A12.511,12.511,0,0,0,41.063-46Zm0,4H41.063a8.862,8.862,0,0,1,4.5,1.188,8.69,8.69,0,0,1,3.25,3.25A8.862,8.862,0,0,1,50-33.062v18.125a8.862,8.862,0,0,1-1.187,4.5,8.69,8.69,0,0,1-3.25,3.25A8.862,8.862,0,0,1,41.063-6H22.938a8.862,8.862,0,0,1-4.5-1.187,8.69,8.69,0,0,1-3.25-3.25A8.862,8.862,0,0,1,14-14.937V-33.062a8.862,8.862,0,0,1,1.188-4.5,8.69,8.69,0,0,1,3.25-3.25A8.862,8.862,0,0,1,22.938-42Zm20.875,4.375a1.746,1.746,0,0,0-1.281.531A1.746,1.746,0,0,0,42-35.812a1.746,1.746,0,0,0,.531,1.281A1.746,1.746,0,0,0,43.813-34a1.746,1.746,0,0,0,1.281-.531,1.746,1.746,0,0,0,.531-1.281,1.746,1.746,0,0,0-.531-1.281A1.746,1.746,0,0,0,43.813-37.625ZM32-36a11.582,11.582,0,0,0-6,1.625A12.229,12.229,0,0,0,21.625-30,11.582,11.582,0,0,0,20-24a11.582,11.582,0,0,0,1.625,6A12.23,12.23,0,0,0,26-13.625,11.582,11.582,0,0,0,32-12a11.582,11.582,0,0,0,6-1.625A12.23,12.23,0,0,0,42.375-18,11.582,11.582,0,0,0,44-24a11.582,11.582,0,0,0-1.625-6A12.229,12.229,0,0,0,38-34.375,11.582,11.582,0,0,0,32-36Zm0,4a7.932,7.932,0,0,1,4.031,1.063,7.783,7.783,0,0,1,2.906,2.906A7.932,7.932,0,0,1,40-24a7.932,7.932,0,0,1-1.062,4.031,7.783,7.783,0,0,1-2.906,2.906A7.932,7.932,0,0,1,32-16a7.932,7.932,0,0,1-4.031-1.062,7.783,7.783,0,0,1-2.906-2.906A7.932,7.932,0,0,1,24-24a7.932,7.932,0,0,1,1.063-4.031,7.783,7.783,0,0,1,2.906-2.906A7.932,7.932,0,0,1,32-32Z\" transform=\"translate(0 56)\" fill=\"#fff\"\/><\/svg><\/a><\/li><li><a href=\"https:\/\/www.tiktok.com\/@rufinostudio?_r=1&amp;_t=ZN-93ytZ1OhxvK\" class=\"anita-socials--tiktok\" target=\"_blank\"><svg xmlns=\"http:\/\/www.w3.org\/2000\/svg\" xmlns:xlink=\"http:\/\/www.w3.org\/1999\/xlink\" width=\"64\" height=\"64\" viewbox=\"0 0 64 64\"><path d=\"M38.628,18.044A18.057,18.057,0,0,1,28.074,14.67V30.033A13.973,13.973,0,1,1,16.02,16.187v7.727a6.414,6.414,0,1,0,4.49,6.119V0h7.565a10.416,10.416,0,0,0,.16,1.906h0a10.5,10.5,0,0,0,4.634,6.9,10.438,10.438,0,0,0,5.759,1.731Z\" transform=\"translate(12.622 9.999)\" fill=\"#fff\"\/><\/svg>\r\n\t\t\t\t<\/a><\/li><li><a href=\"https:\/\/www.youtube.com\/channel\/UCcN4zB_FUxvOuOckqsPRaeg\" class=\"anita-socials--youtube\" target=\"_blank\"><svg xmlns=\"http:\/\/www.w3.org\/2000\/svg\" width=\"64\" height=\"64\" viewbox=\"0 0 64 64\"><path d=\"M32-44a126.593,126.593,0,0,0-18.25,1.375A7.91,7.91,0,0,0,9.344-40.5a7.5,7.5,0,0,0-2.281,4.25A68.057,68.057,0,0,0,6-24,68.057,68.057,0,0,0,7.063-11.75,7.423,7.423,0,0,0,9.375-7.5,8.022,8.022,0,0,0,13.75-5.375,126.594,126.594,0,0,0,32-4,126.594,126.594,0,0,0,50.25-5.375,8.022,8.022,0,0,0,54.625-7.5a7.423,7.423,0,0,0,2.313-4.25A68.24,68.24,0,0,0,58-24.031,67.206,67.206,0,0,0,56.938-36.25a7.5,7.5,0,0,0-2.281-4.25,7.91,7.91,0,0,0-4.406-2.125A126.593,126.593,0,0,0,32-44Zm0,4a123.345,123.345,0,0,1,17.688,1.313,3.855,3.855,0,0,1,2.156,1.063A3.967,3.967,0,0,1,53-35.5,63.526,63.526,0,0,1,54-24a63.526,63.526,0,0,1-1,11.5,3.967,3.967,0,0,1-1.156,2.125,3.855,3.855,0,0,1-2.156,1.063A123.345,123.345,0,0,1,32-8,123.345,123.345,0,0,1,14.313-9.312a3.855,3.855,0,0,1-2.156-1.062A3.967,3.967,0,0,1,11-12.5,63.526,63.526,0,0,1,10-24a63.526,63.526,0,0,1,1-11.5,3.967,3.967,0,0,1,1.156-2.125,3.855,3.855,0,0,1,2.156-1.062A122.472,122.472,0,0,1,32-40Zm-6,4.563v22.875l3-1.687,14-8L46-24l-3-1.75-14-8Zm4,6.875L37.938-24,30-19.437Z\" transform=\"translate(0 56)\" fill=\"#fff\"\/><\/svg><\/a><\/li><\/ul><!-- .anita-socials -->\t\t\t<\/li>\t<\/ul>\r\n<\/div>\t\t\t\t<\/div>\n\t\t\t\t<\/div>\n\t\t\t\t\t<\/div>\n\t\t<\/div>\n\t\t\t\t<div class=\"elementor-column elementor-col-66 elementor-top-column elementor-element elementor-element-74e2d3e\" data-id=\"74e2d3e\" data-element_type=\"column\" data-e-type=\"column\">\n\t\t\t<div class=\"elementor-widget-wrap elementor-element-populated\">\n\t\t\t\t\t\t<div class=\"elementor-element elementor-element-774c1ae elementor-widget elementor-widget-shortcode\" data-id=\"774c1ae\" data-element_type=\"widget\" data-e-type=\"widget\" data-widget_type=\"shortcode.default\">\n\t\t\t\t\t\t\t<div class=\"elementor-shortcode\">\n<div class=\"wpcf7 no-js\" id=\"wpcf7-f221-o1\" lang=\"en-US\" dir=\"ltr\" data-wpcf7-id=\"221\">\n<div class=\"screen-reader-response\"><p role=\"status\" aria-live=\"polite\" aria-atomic=\"true\"><\/p> <ul><\/ul><\/div>\n<form action=\"\/es\/wp-json\/wp\/v2\/pages\/124#wpcf7-f221-o1\" method=\"post\" class=\"wpcf7-form init\" aria-label=\"Contact form\" novalidate=\"novalidate\" data-status=\"init\" data-trp-original-action=\"\/es\/wp-json\/wp\/v2\/pages\/124#wpcf7-f221-o1\">\n<fieldset class=\"hidden-fields-container\"><input type=\"hidden\" name=\"_wpcf7\" value=\"221\" \/><input type=\"hidden\" name=\"_wpcf7_version\" value=\"6.1.5\" \/><input type=\"hidden\" name=\"_wpcf7_locale\" value=\"en_US\" \/><input type=\"hidden\" name=\"_wpcf7_unit_tag\" value=\"wpcf7-f221-o1\" \/><input type=\"hidden\" name=\"_wpcf7_container_post\" value=\"0\" \/><input type=\"hidden\" name=\"_wpcf7_posted_data_hash\" value=\"\" \/>\n<\/fieldset>\n<div class=\"anita-contact-grid anita-grid anita-grid-small-gap anita-grid--3cols\">\n\t<p><label class=\"rf-cf7-label\"><span class=\"rf-cf7-label-text\">Nombre y apellido <span class=\"rf-req\" aria-hidden=\"true\">*<\/span><\/span><br \/>\n<span class=\"wpcf7-form-control-wrap\" data-name=\"your-name\"><input size=\"40\" maxlength=\"400\" class=\"wpcf7-form-control wpcf7-text wpcf7-validates-as-required\" autocomplete=\"name\" aria-required=\"true\" aria-invalid=\"false\" placeholder=\"Tu nombre y apellido\" value=\"\" type=\"text\" name=\"your-name\" \/><\/span> <\/label>\n\t<\/p>\n\t<p><label class=\"rf-cf7-label\"><span class=\"rf-cf7-label-text\">Direcci\u00f3n de email <span class=\"rf-req\" aria-hidden=\"true\">*<\/span><\/span><br \/>\n<span class=\"wpcf7-form-control-wrap\" data-name=\"your-email\"><input size=\"40\" maxlength=\"400\" class=\"wpcf7-form-control wpcf7-email wpcf7-validates-as-required wpcf7-text wpcf7-validates-as-email\" autocomplete=\"email\" aria-required=\"true\" aria-invalid=\"false\" placeholder=\"Tu direcci\u00f3n de email\" value=\"\" type=\"email\" name=\"your-email\" \/><\/span> <\/label>\n\t<\/p>\n\t<p><label class=\"rf-cf7-label\"><span class=\"rf-cf7-label-text\">Tel\u00e9fono<\/span><br \/>\n<span class=\"wpcf7-form-control-wrap\" data-name=\"your-tel\"><input size=\"40\" maxlength=\"400\" class=\"wpcf7-form-control wpcf7-tel wpcf7-text wpcf7-validates-as-tel\" autocomplete=\"tel\" aria-invalid=\"false\" placeholder=\"Nombre y apellido\" value=\"\" type=\"tel\" name=\"your-tel\" \/><\/span> <\/label>\n\t<\/p>\n\t<div class=\"rf-cf7-label\">\n\t\t<p><span class=\"rf-cf7-label-text\">Tipo de proyecto <span class=\"rf-req\" aria-hidden=\"true\">*<\/span><\/span><br \/>\n<span class=\"wpcf7-form-control-wrap\" data-name=\"type-projet\"><select class=\"wpcf7-form-control wpcf7-select wpcf7-validates-as-required\" aria-required=\"true\" aria-invalid=\"false\" name=\"type-projet\"><option value=\"\">\u2014 Tipo de proyecto \u2014<\/option><option value=\"Mariage\">Boda<\/option><option value=\"S\u00e9ance Lifestyle (Grossesse, B\u00e9b\u00e9)\">Sesi\u00f3n Lifestyle (embarazo, beb\u00e9)<\/option><option value=\"\u00c9v\u00e9nement priv\u00e9 (Bapt\u00eame, Anniversaire)\">Evento privado (bautizo, aniversario)<\/option><option value=\"Solutions Pro &amp; Entreprise\">Solutions Pro y Empresa<\/option><option value=\"\u00c9dition Vid\u00e9o\">Tipo de prestaci\u00f3n<\/option><\/select><\/span>\n\t\t<\/p>\n\t<\/div>\n\t<p><label class=\"rf-cf7-label\"><span class=\"rf-cf7-label-text\">Fecha prevista <span class=\"rf-req\" aria-hidden=\"true\">*<\/span><\/span><br \/>\n<span class=\"wpcf7-form-control-wrap\" data-name=\"date-evenement\"><input class=\"wpcf7-form-control wpcf7-date wpcf7-validates-as-required wpcf7-validates-as-date\" aria-required=\"true\" aria-invalid=\"false\" value=\"\" type=\"date\" name=\"date-evenement\" \/><\/span> <\/label>\n\t<\/p>\n\t<p><label class=\"rf-cf7-label\"><span class=\"rf-cf7-label-text\">Tel\u00e9fono <span class=\"rf-req\" aria-hidden=\"true\">*<\/span><\/span><br \/>\n<span class=\"wpcf7-form-control-wrap\" data-name=\"lieu-evenement\"><input size=\"40\" maxlength=\"400\" class=\"wpcf7-form-control wpcf7-text wpcf7-validates-as-required\" aria-required=\"true\" aria-invalid=\"false\" placeholder=\"Lugar del evento (ciudad)\" value=\"\" type=\"text\" name=\"lieu-evenement\" \/><\/span> <\/label>\n\t<\/p>\n<\/div>\n<p><label class=\"rf-cf7-label rf-cf7-label-full\"><span class=\"rf-cf7-label-text\">Su mensaje<\/span><br \/>\n<span class=\"wpcf7-form-control-wrap\" data-name=\"your-message\"><textarea cols=\"40\" rows=\"10\" maxlength=\"2000\" class=\"wpcf7-form-control wpcf7-textarea\" aria-invalid=\"false\" placeholder=\"Cu\u00e9ntanos m\u00e1s sobre tu visi\u00f3n y tus expectativas\u2026\" name=\"your-message\"><\/textarea><\/span> <\/label>\n<\/p>\n<p><input class=\"wpcf7-form-control wpcf7-submit has-spinner\" type=\"submit\" value=\"\u00a1ALL\u00c1 VAMOS!\" \/>\n<\/p>\n<p style=\"font-size:0.82em;color:#888;margin-top:8px;\">Al enviar este formulario, aceptas que tus datos se utilicen \u00fanicamente para responder a tu solicitud. <a href=\"\/es\/politique-confidentialite\/\">pol\u00edtica de privacidad<\/a>.\n<\/p>\n<p style=\"display: none !important;\" class=\"akismet-fields-container\" data-prefix=\"_wpcf7_ak_\"><label>&#916;<textarea name=\"_wpcf7_ak_hp_textarea\" cols=\"45\" rows=\"8\" maxlength=\"100\"><\/textarea><\/label><input type=\"hidden\" id=\"ak_js_1\" name=\"_wpcf7_ak_js\" value=\"185\"\/><script>document.getElementById( \"ak_js_1\" ).setAttribute( \"value\", ( new Date() ).getTime() );<\/script><\/p><div class=\"wpcf7-response-output\" aria-hidden=\"true\"><\/div>\n<input type=\"hidden\" name=\"trp-form-language\" value=\"es\"\/><\/form>\n<\/div>\n<\/div>\n\t\t\t\t\t\t<\/div>\n\t\t\t\t\t<\/div>\n\t\t<\/div>\n\t\t\t\t\t<\/div>\n\t\t<\/section>\n\t\t\t\t<\/div>","protected":false},"excerpt":{"rendered":"","protected":false},"author":1,"featured_media":101,"parent":0,"menu_order":0,"comment_status":"closed","ping_status":"closed","template":"","meta":{"footnotes":""},"class_list":["post-124","page","type-page","status-publish","has-post-thumbnail","hentry"],"aioseo_notices":[],"_hostinger_reach_plugin_has_subscription_block":false,"_hostinger_reach_plugin_is_elementor":false,"_links":{"self":[{"href":"https:\/\/rufinostudio.com\/es\/wp-json\/wp\/v2\/pages\/124","targetHints":{"allow":["GET"]}}],"collection":[{"href":"https:\/\/rufinostudio.com\/es\/wp-json\/wp\/v2\/pages"}],"about":[{"href":"https:\/\/rufinostudio.com\/es\/wp-json\/wp\/v2\/types\/page"}],"author":[{"embeddable":true,"href":"https:\/\/rufinostudio.com\/es\/wp-json\/wp\/v2\/users\/1"}],"replies":[{"embeddable":true,"href":"https:\/\/rufinostudio.com\/es\/wp-json\/wp\/v2\/comments?post=124"}],"version-history":[{"count":5,"href":"https:\/\/rufinostudio.com\/es\/wp-json\/wp\/v2\/pages\/124\/revisions"}],"predecessor-version":[{"id":2565,"href":"https:\/\/rufinostudio.com\/es\/wp-json\/wp\/v2\/pages\/124\/revisions\/2565"}],"wp:featuredmedia":[{"embeddable":true,"href":"https:\/\/rufinostudio.com\/es\/wp-json\/wp\/v2\/media\/101"}],"wp:attachment":[{"href":"https:\/\/rufinostudio.com\/es\/wp-json\/wp\/v2\/media?parent=124"}],"curies":[{"name":"wp","href":"https:\/\/api.w.org\/{rel}","templated":true}]}}