{"id":2560,"date":"2026-04-14T23:25:59","date_gmt":"2026-04-14T21:25:59","guid":{"rendered":"https:\/\/rufinostudio.com\/mentions-legales\/"},"modified":"2026-04-14T23:25:59","modified_gmt":"2026-04-14T21:25:59","slug":"mentions-legales","status":"publish","type":"page","link":"https:\/\/rufinostudio.com\/es\/mentions-legales\/","title":{"rendered":"Aviso legal"},"content":{"rendered":"<p><em>Conform\u00e9ment aux dispositions de la loi n\u00b0 2004-575 du 21 juin 2004 pour la confiance en l&rsquo;\u00e9conomie num\u00e9rique, il est pr\u00e9cis\u00e9 aux utilisateurs du site <strong>rufinostudio.com<\/strong> l&rsquo;identit\u00e9 des diff\u00e9rents intervenants dans le cadre de sa r\u00e9alisation et de son suivi.<\/em><\/p>\n\n\n\n<h2 class=\"wp-block-heading\">\u00c9dition du site<\/h2>\n\n\n\n<p>Le pr\u00e9sent site, accessible \u00e0 l&rsquo;adresse <a href=\"https:\/\/rufinostudio.com\/es\/\">rufinostudio.com<\/a>, est \u00e9dit\u00e9 par :<\/p>\n\n\n\n<ul class=\"wp-block-list\">\n<li><strong>Raison sociale :<\/strong> Rufino Studio<\/li>\n<li><strong>Forme juridique :<\/strong> Entrepreneur Individuel (micro-entreprise)<\/li>\n<li><strong>Nom du repr\u00e9sentant l\u00e9gal :<\/strong> Pablo Rufino<\/li>\n<li><strong>Adresse du si\u00e8ge social :<\/strong> Route du Prieur\u00e9, 81430 Ambialet, France<\/li>\n<li><strong>SIRET :<\/strong> 898 502 844 00027<\/li>\n<li><strong>SIREN :<\/strong> 898 502 844<\/li>\n<li><strong>N\u00b0 de TVA intracommunautaire :<\/strong> TVA non applicable \u2014 art. 293 B du CGI<\/li>\n<li><strong>Email :<\/strong> <a href=\"mailto:contact@rufinostudio.com\">contact@rufinostudio.com<\/a><\/li>\n<li><strong>T\u00e9l\u00e9phone :<\/strong> +33 6 18 53 18 55<\/li>\n<\/ul>\n\n\n\n<h2 class=\"wp-block-heading\">Directeur de la publication<\/h2>\n\n\n\n<p>Le directeur de la publication du site est Pablo Rufino.<\/p>\n\n\n\n<h2 class=\"wp-block-heading\">H\u00e9bergement<\/h2>\n\n\n\n<p>Le site est h\u00e9berg\u00e9 par :<\/p>\n\n\n\n<ul class=\"wp-block-list\">\n<li><strong>Hostinger International Ltd.<\/strong><\/li>\n<li>Adresse : 61 Lordou Vironos Street, 6023 Larnaca, Chypre<\/li>\n<li>Site web : <a href=\"https:\/\/www.hostinger.fr\" target=\"_blank\" rel=\"noopener\">www.hostinger.fr<\/a><\/li>\n<\/ul>\n\n\n\n<h2 class=\"wp-block-heading\">Propri\u00e9t\u00e9 intellectuelle<\/h2>\n\n\n\n<p>L&rsquo;ensemble du contenu du site (textes, photographies, vid\u00e9os, logos, graphismes, \u00e9l\u00e9ments de charte graphique et d&rsquo;interface) est la propri\u00e9t\u00e9 exclusive de Rufino Studio ou de ses partenaires.<\/p>\n\n\n\n<p>Toute reproduction, repr\u00e9sentation, modification, publication, adaptation de tout ou partie des \u00e9l\u00e9ments du site, quel que soit le moyen ou le proc\u00e9d\u00e9 utilis\u00e9, est interdite, sauf autorisation \u00e9crite pr\u00e9alable de Rufino Studio.<\/p>\n\n\n\n<p>Toute exploitation non autoris\u00e9e du site ou de l&rsquo;un quelconque des \u00e9l\u00e9ments qu&rsquo;il contient sera consid\u00e9r\u00e9e comme constitutive d&rsquo;une contrefa\u00e7on et poursuivie conform\u00e9ment aux dispositions des articles L.335-2 et suivants du Code de Propri\u00e9t\u00e9 Intellectuelle.<\/p>\n\n\n\n<h2 class=\"wp-block-heading\">Responsabilit\u00e9<\/h2>\n\n\n\n<p>Rufino Studio s&rsquo;efforce d&rsquo;assurer au mieux l&rsquo;exactitude et la mise \u00e0 jour des informations diffus\u00e9es sur son site. Cependant, Rufino Studio ne peut garantir l&rsquo;exactitude, la pr\u00e9cision ou l&rsquo;exhaustivit\u00e9 des informations mises \u00e0 disposition sur ce site.<\/p>\n\n\n\n<h2 class=\"wp-block-heading\">M\u00e9diateur de la consommation<\/h2>\n\n\n\n<p>Conform\u00e9ment \u00e0 l&rsquo;article L. 612-1 du Code de la consommation, pour tout litige de nature contractuelle portant sur l&rsquo;ex\u00e9cution du contrat de vente et\/ou la prestation de services n&rsquo;ayant pu \u00eatre r\u00e9solu dans le cadre d&rsquo;une r\u00e9clamation pr\u00e9alablement introduite aupr\u00e8s de Rufino Studio, le consommateur pourra recourir gratuitement au m\u00e9diateur suivant :<\/p>\n\n\n\n<p><strong>CNPM &#8211; M\u00e9diation &#8211; Consommation<\/strong><br>\n27 avenue de la Lib\u00e9ration, 42400 Saint-Chamond<br>\n<a href=\"https:\/\/cnpm-mediation-consommation.eu\" target=\"_blank\" rel=\"noopener\">cnpm-mediation-consommation.eu<\/a><\/p>\n\n\n\n<h2 class=\"wp-block-heading\">Droit applicable et juridiction comp\u00e9tente<\/h2>\n\n\n\n<p>Les pr\u00e9sentes mentions l\u00e9gales sont r\u00e9gies par le droit fran\u00e7ais. En cas de litige, et \u00e0 d\u00e9faut d&rsquo;accord amiable, le litige sera port\u00e9 devant les tribunaux fran\u00e7ais conform\u00e9ment aux r\u00e8gles de comp\u00e9tence en vigueur.<\/p>\n\n\n\n<p><em>Derni\u00e8re mise \u00e0 jour : avril 2026<\/em><\/p>","protected":false},"excerpt":{"rendered":"<p>Conform\u00e9ment aux dispositions de la loi n\u00b0 2004-575 du 21 juin 2004 pour la confiance en l&rsquo;\u00e9conomie num\u00e9rique, il est pr\u00e9cis\u00e9 aux utilisateurs du site rufinostudio.com l&rsquo;identit\u00e9 des diff\u00e9rents intervenants dans le cadre de sa r\u00e9alisation et de son suivi. \u00c9dition du site Le pr\u00e9sent site, accessible \u00e0 l&rsquo;adresse rufinostudio.com, est \u00e9dit\u00e9 par : Raison&#8230;<\/p>","protected":false},"author":0,"featured_media":0,"parent":0,"menu_order":0,"comment_status":"closed","ping_status":"closed","template":"","meta":{"footnotes":""},"class_list":["post-2560","page","type-page","status-publish","hentry"],"aioseo_notices":[],"_hostinger_reach_plugin_has_subscription_block":false,"_hostinger_reach_plugin_is_elementor":false,"_links":{"self":[{"href":"https:\/\/rufinostudio.com\/es\/wp-json\/wp\/v2\/pages\/2560","targetHints":{"allow":["GET"]}}],"collection":[{"href":"https:\/\/rufinostudio.com\/es\/wp-json\/wp\/v2\/pages"}],"about":[{"href":"https:\/\/rufinostudio.com\/es\/wp-json\/wp\/v2\/types\/page"}],"replies":[{"embeddable":true,"href":"https:\/\/rufinostudio.com\/es\/wp-json\/wp\/v2\/comments?post=2560"}],"version-history":[{"count":0,"href":"https:\/\/rufinostudio.com\/es\/wp-json\/wp\/v2\/pages\/2560\/revisions"}],"wp:attachment":[{"href":"https:\/\/rufinostudio.com\/es\/wp-json\/wp\/v2\/media?parent=2560"}],"curies":[{"name":"wp","href":"https:\/\/api.w.org\/{rel}","templated":true}]}}