{"id":2589,"date":"2026-04-16T22:42:08","date_gmt":"2026-04-16T20:42:08","guid":{"rendered":"https:\/\/rufinostudio.com\/espace-client\/"},"modified":"2026-04-16T22:50:58","modified_gmt":"2026-04-16T20:50:58","slug":"espace-client","status":"publish","type":"page","link":"https:\/\/rufinostudio.com\/es\/espace-client\/","title":{"rendered":"Espace Client"},"content":{"rendered":"<div class=\"rf-ec-wrap\">\n        <div class=\"rf-ec-icon\">\n            <svg width=\"48\" height=\"48\" viewbox=\"0 0 24 24\" fill=\"none\" stroke=\"currentColor\" stroke-width=\"1.5\" stroke-linecap=\"round\" stroke-linejoin=\"round\">\n                <rect x=\"3\" y=\"11\" width=\"18\" height=\"11\" rx=\"2\" ry=\"2\"\/>\n                <path d=\"M7 11V7a5 5 0 0 1 10 0v4\"\/>\n            <\/svg>\n        <\/div>\n        <h2 class=\"rf-ec-title\">Acc\u00e9dez \u00e0 votre galerie<\/h2>\n        <p class=\"rf-ec-desc\">Entrez le code d'acc\u00e8s que nous vous avons envoy\u00e9 par email pour consulter et s\u00e9lectionner vos photos.<\/p>\n        \n        <form class=\"rf-ec-form\" id=\"rfEcForm\" onsubmit=\"return rfEcSubmit(event)\" action=\"\">\n            <div class=\"rf-ec-field\">\n                <input type=\"text\" id=\"rfEcCode\" placeholder=\"Votre code d'acc\u00e8s\" autocomplete=\"off\" required>\n            <\/div>\n            <button type=\"submit\" class=\"rf-ec-btn\" id=\"rfEcBtn\">\n                <span class=\"rf-ec-btn-text\">Acc\u00e9der \u00e0 ma galerie<\/span>\n                <span class=\"rf-ec-btn-loading\" style=\"display:none;\">Recherche en cours...<\/span>\n            <\/button>\n            <div class=\"rf-ec-error\" id=\"rfEcError\" style=\"display:none;\">\n                Code d'acc\u00e8s non reconnu. V\u00e9rifiez votre email ou <a href=\"\/es\/parlons-de-vous\/\">contactez-nous<\/a>.\n            <\/div>\n        <input type=\"hidden\" name=\"trp-form-language\" value=\"es\"\/><\/form>\n\n        <!-- Formulaire cache pour soumettre le password a WordPress -->\n        <form id=\"rfEcWpForm\" method=\"POST\" action=\"https:\/\/rufinostudio.com\/wp-login.php?action=postpass\" style=\"display:none;\">\n            <input type=\"hidden\" name=\"post_password\" id=\"rfEcWpPass\" value=\"\">\n        <\/form>\n\n        <p class=\"rf-ec-help\">Vous n'avez pas re\u00e7u de code ? <a href=\"\/es\/parlons-de-vous\/\">Cont\u00e1ctanos<\/a><\/p>\n    <\/div>","protected":false},"excerpt":{"rendered":"","protected":false},"author":0,"featured_media":0,"parent":0,"menu_order":0,"comment_status":"closed","ping_status":"closed","template":"","meta":{"footnotes":""},"class_list":["post-2589","page","type-page","status-publish","hentry"],"aioseo_notices":[],"_hostinger_reach_plugin_has_subscription_block":false,"_hostinger_reach_plugin_is_elementor":false,"_links":{"self":[{"href":"https:\/\/rufinostudio.com\/es\/wp-json\/wp\/v2\/pages\/2589","targetHints":{"allow":["GET"]}}],"collection":[{"href":"https:\/\/rufinostudio.com\/es\/wp-json\/wp\/v2\/pages"}],"about":[{"href":"https:\/\/rufinostudio.com\/es\/wp-json\/wp\/v2\/types\/page"}],"replies":[{"embeddable":true,"href":"https:\/\/rufinostudio.com\/es\/wp-json\/wp\/v2\/comments?post=2589"}],"version-history":[{"count":1,"href":"https:\/\/rufinostudio.com\/es\/wp-json\/wp\/v2\/pages\/2589\/revisions"}],"predecessor-version":[{"id":2591,"href":"https:\/\/rufinostudio.com\/es\/wp-json\/wp\/v2\/pages\/2589\/revisions\/2591"}],"wp:attachment":[{"href":"https:\/\/rufinostudio.com\/es\/wp-json\/wp\/v2\/media?parent=2589"}],"curies":[{"name":"wp","href":"https:\/\/api.w.org\/{rel}","templated":true}]}}